{"id":7,"date":"2025-01-03T03:16:58","date_gmt":"2025-01-03T03:16:58","guid":{"rendered":"https:\/\/cetisa.ind.br\/wordpress\/?page_id=7"},"modified":"2025-01-08T14:14:37","modified_gmt":"2025-01-08T14:14:37","slug":"inicio","status":"publish","type":"page","link":"https:\/\/cetisa.ind.br\/wordpress\/index.php\/inicio\/","title":{"rendered":"In\u00edcio"},"content":{"rendered":"\t\t<div data-elementor-type=\"wp-post\" data-elementor-id=\"7\" class=\"elementor elementor-7\" data-elementor-post-type=\"page\">\n\t\t\t\t<div class=\"elementor-element elementor-element-5cccc0f elementor-hidden-desktop e-flex e-con-boxed e-con e-parent\" data-id=\"5cccc0f\" data-element_type=\"container\" data-e-type=\"container\" data-settings=\"{&quot;background_background&quot;:&quot;classic&quot;}\">\n\t\t\t\t\t<div class=\"e-con-inner\">\n\t\t<div class=\"elementor-element elementor-element-ce60d4c e-con-full e-flex e-con e-child\" data-id=\"ce60d4c\" data-element_type=\"container\" data-e-type=\"container\">\n\t\t<div class=\"elementor-element elementor-element-c1428be e-con-full e-flex e-con e-child\" data-id=\"c1428be\" data-element_type=\"container\" data-e-type=\"container\">\n\t\t\t\t<div class=\"elementor-element elementor-element-c04af17 elementor-widget elementor-widget-image\" data-id=\"c04af17\" data-element_type=\"widget\" data-e-type=\"widget\" data-widget_type=\"image.default\">\n\t\t\t\t<div class=\"elementor-widget-container\">\n\t\t\t\t\t\t\t\t\t\t\t\t\t\t\t<img fetchpriority=\"high\" decoding=\"async\" width=\"567\" height=\"199\" src=\"https:\/\/cetisa.ind.br\/wordpress\/wp-content\/uploads\/2025\/01\/LOGO.png\" class=\"attachment-large size-large wp-image-20\" alt=\"\" srcset=\"https:\/\/cetisa.ind.br\/wordpress\/wp-content\/uploads\/2025\/01\/LOGO.png 567w, https:\/\/cetisa.ind.br\/wordpress\/wp-content\/uploads\/2025\/01\/LOGO-300x105.png 300w\" sizes=\"(max-width: 567px) 100vw, 567px\" \/>\t\t\t\t\t\t\t\t\t\t\t\t\t\t\t<\/div>\n\t\t\t\t<\/div>\n\t\t\t\t<div class=\"elementor-element elementor-element-3f01ce1 elementor-widget elementor-widget-heading\" data-id=\"3f01ce1\" data-element_type=\"widget\" data-e-type=\"widget\" data-widget_type=\"heading.default\">\n\t\t\t\t<div class=\"elementor-widget-container\">\n\t\t\t\t\t<h2 class=\"elementor-heading-title elementor-size-default\">SOMOS REFER\u00caNCIA EM TIJOLOS<br>\u00c0 VISTA H\u00c1 25 ANOS E PRODUZIMOS<br>CHURRASQUEIRAS PR\u00c9-FABRICADAS<br>COM ACABAMENTO DE QUALIDADE<\/h2>\t\t\t\t<\/div>\n\t\t\t\t<\/div>\n\t\t\t\t<div class=\"elementor-element elementor-element-b361d7e elementor-widget elementor-widget-text-editor\" data-id=\"b361d7e\" data-element_type=\"widget\" data-e-type=\"widget\" data-widget_type=\"text-editor.default\">\n\t\t\t\t<div class=\"elementor-widget-container\">\n\t\t\t\t\t\t\t\t\t<p>Produtos de fabrica\u00e7\u00e3o pr\u00f3pria com excel\u00eancia em fun\u00e7\u00e3o isolante t\u00e9rmico e entrega para todo o Brasil!<\/p>\t\t\t\t\t\t\t\t<\/div>\n\t\t\t\t<\/div>\n\t\t\t\t<div class=\"elementor-element elementor-element-9ebd3ad elementor-mobile-align-center elementor-widget elementor-widget-button\" data-id=\"9ebd3ad\" data-element_type=\"widget\" data-e-type=\"widget\" data-widget_type=\"button.default\">\n\t\t\t\t<div class=\"elementor-widget-container\">\n\t\t\t\t\t\t\t\t\t<div class=\"elementor-button-wrapper\">\n\t\t\t\t\t<a class=\"elementor-button elementor-button-link elementor-size-sm elementor-animation-grow\" href=\"https:\/\/wa.me\/55548999310367\">\n\t\t\t\t\t\t<span class=\"elementor-button-content-wrapper\">\n\t\t\t\t\t\t\t\t\t<span class=\"elementor-button-text\">Fale Conosco<\/span>\n\t\t\t\t\t<\/span>\n\t\t\t\t\t<\/a>\n\t\t\t\t<\/div>\n\t\t\t\t\t\t\t\t<\/div>\n\t\t\t\t<\/div>\n\t\t\t\t<\/div>\n\t\t\t\t<\/div>\n\t\t\t\t\t<\/div>\n\t\t\t\t<\/div>\n\t\t<div class=\"elementor-element elementor-element-742e667 elementor-hidden-tablet elementor-hidden-mobile e-flex e-con-boxed e-con e-parent\" data-id=\"742e667\" data-element_type=\"container\" data-e-type=\"container\" data-settings=\"{&quot;background_background&quot;:&quot;classic&quot;}\">\n\t\t\t\t\t<div class=\"e-con-inner\">\n\t\t<div class=\"elementor-element elementor-element-db3c3de e-con-full e-flex e-con e-child\" data-id=\"db3c3de\" data-element_type=\"container\" data-e-type=\"container\">\n\t\t<div class=\"elementor-element elementor-element-6755959 e-con-full e-flex e-con e-child\" data-id=\"6755959\" data-element_type=\"container\" data-e-type=\"container\">\n\t\t\t\t<div class=\"elementor-element elementor-element-5b3d57c elementor-widget elementor-widget-image\" data-id=\"5b3d57c\" data-element_type=\"widget\" data-e-type=\"widget\" data-widget_type=\"image.default\">\n\t\t\t\t<div class=\"elementor-widget-container\">\n\t\t\t\t\t\t\t\t\t\t\t\t\t\t\t<img fetchpriority=\"high\" decoding=\"async\" width=\"567\" height=\"199\" src=\"https:\/\/cetisa.ind.br\/wordpress\/wp-content\/uploads\/2025\/01\/LOGO.png\" class=\"attachment-large size-large wp-image-20\" alt=\"\" srcset=\"https:\/\/cetisa.ind.br\/wordpress\/wp-content\/uploads\/2025\/01\/LOGO.png 567w, https:\/\/cetisa.ind.br\/wordpress\/wp-content\/uploads\/2025\/01\/LOGO-300x105.png 300w\" sizes=\"(max-width: 567px) 100vw, 567px\" \/>\t\t\t\t\t\t\t\t\t\t\t\t\t\t\t<\/div>\n\t\t\t\t<\/div>\n\t\t\t\t<div class=\"elementor-element elementor-element-ffb4118 elementor-widget elementor-widget-heading\" data-id=\"ffb4118\" data-element_type=\"widget\" data-e-type=\"widget\" data-widget_type=\"heading.default\">\n\t\t\t\t<div class=\"elementor-widget-container\">\n\t\t\t\t\t<h2 class=\"elementor-heading-title elementor-size-default\">SOMOS REFER\u00caNCIA EM TIJOLOS<br>\u00c0 VISTA H\u00c1 25 ANOS E PRODUZIMOS<br>CHURRASQUEIRAS PR\u00c9-FABRICADAS<br>COM ACABAMENTO DE QUALIDADE<\/h2>\t\t\t\t<\/div>\n\t\t\t\t<\/div>\n\t\t\t\t<div class=\"elementor-element elementor-element-dc8b36f elementor-widget elementor-widget-text-editor\" data-id=\"dc8b36f\" data-element_type=\"widget\" data-e-type=\"widget\" data-widget_type=\"text-editor.default\">\n\t\t\t\t<div class=\"elementor-widget-container\">\n\t\t\t\t\t\t\t\t\t<p>Produtos de fabrica\u00e7\u00e3o pr\u00f3pria com excel\u00eancia em fun\u00e7\u00e3o isolante t\u00e9rmico e entrega para todo o Brasil!<\/p>\t\t\t\t\t\t\t\t<\/div>\n\t\t\t\t<\/div>\n\t\t\t\t<div class=\"elementor-element elementor-element-5f9448f elementor-widget elementor-widget-button\" data-id=\"5f9448f\" data-element_type=\"widget\" data-e-type=\"widget\" data-widget_type=\"button.default\">\n\t\t\t\t<div class=\"elementor-widget-container\">\n\t\t\t\t\t\t\t\t\t<div class=\"elementor-button-wrapper\">\n\t\t\t\t\t<a class=\"elementor-button elementor-button-link elementor-size-sm elementor-animation-grow\" href=\"https:\/\/wa.me\/5548999310367\">\n\t\t\t\t\t\t<span class=\"elementor-button-content-wrapper\">\n\t\t\t\t\t\t\t\t\t<span class=\"elementor-button-text\">Fale Conosco<\/span>\n\t\t\t\t\t<\/span>\n\t\t\t\t\t<\/a>\n\t\t\t\t<\/div>\n\t\t\t\t\t\t\t\t<\/div>\n\t\t\t\t<\/div>\n\t\t\t\t<\/div>\n\t\t<div class=\"elementor-element elementor-element-93028e2 e-con-full e-flex e-con e-child\" data-id=\"93028e2\" data-element_type=\"container\" data-e-type=\"container\">\n\t\t\t\t<\/div>\n\t\t\t\t<\/div>\n\t\t\t\t\t<\/div>\n\t\t\t\t<\/div>\n\t\t<div class=\"elementor-element elementor-element-68c1fc4 e-flex e-con-boxed e-con e-parent\" data-id=\"68c1fc4\" data-element_type=\"container\" data-e-type=\"container\" data-settings=\"{&quot;background_background&quot;:&quot;classic&quot;}\">\n\t\t\t\t\t<div class=\"e-con-inner\">\n\t\t\t\t<div class=\"elementor-element elementor-element-d1f6db8 elementor-widget elementor-widget-heading\" data-id=\"d1f6db8\" data-element_type=\"widget\" data-e-type=\"widget\" data-widget_type=\"heading.default\">\n\t\t\t\t<div class=\"elementor-widget-container\">\n\t\t\t\t\t<h2 class=\"elementor-heading-title elementor-size-default\">Confira os nossos produtos<\/h2>\t\t\t\t<\/div>\n\t\t\t\t<\/div>\n\t\t<div class=\"elementor-element elementor-element-2bac5c1 e-con-full e-flex e-con e-child\" data-id=\"2bac5c1\" data-element_type=\"container\" data-e-type=\"container\">\n\t\t<div class=\"elementor-element elementor-element-c369458 e-con-full e-flex e-con e-child\" data-id=\"c369458\" data-element_type=\"container\" data-e-type=\"container\">\n\t\t\t\t<div class=\"elementor-element elementor-element-165e19d elementor-position-top elementor-widget elementor-widget-image-box\" data-id=\"165e19d\" data-element_type=\"widget\" data-e-type=\"widget\" data-widget_type=\"image-box.default\">\n\t\t\t\t<div class=\"elementor-widget-container\">\n\t\t\t\t\t<div class=\"elementor-image-box-wrapper\"><figure class=\"elementor-image-box-img\"><img decoding=\"async\" width=\"282\" height=\"267\" src=\"https:\/\/cetisa.ind.br\/wordpress\/wp-content\/uploads\/2025\/01\/KIT-DE-CHURRASQUEIRA.webp\" class=\"elementor-animation-grow attachment-full size-full wp-image-19\" alt=\"\" \/><\/figure><div class=\"elementor-image-box-content\"><h3 class=\"elementor-image-box-title\">Kits de Churrasqueiras<\/h3><p class=\"elementor-image-box-description\">Temos uma linha pr\u00f3pria de kits de<br>churrasqueiras pr\u00e9-fabricadas com<br>qualidade, montagem em apenas um dia<br>fabricados de tijolos \u00e0 vista.<\/p><\/div><\/div>\t\t\t\t<\/div>\n\t\t\t\t<\/div>\n\t\t\t\t<div class=\"elementor-element elementor-element-e63c4ff elementor-align-center elementor-widget elementor-widget-button\" data-id=\"e63c4ff\" data-element_type=\"widget\" data-e-type=\"widget\" data-widget_type=\"button.default\">\n\t\t\t\t<div class=\"elementor-widget-container\">\n\t\t\t\t\t\t\t\t\t<div class=\"elementor-button-wrapper\">\n\t\t\t\t\t<a class=\"elementor-button elementor-button-link elementor-size-sm elementor-animation-grow\" href=\"https:\/\/cetisa.ind.br\/wordpress\/index.php\/churrasqueiras\/\">\n\t\t\t\t\t\t<span class=\"elementor-button-content-wrapper\">\n\t\t\t\t\t\t\t\t\t<span class=\"elementor-button-text\">Saiba mais<\/span>\n\t\t\t\t\t<\/span>\n\t\t\t\t\t<\/a>\n\t\t\t\t<\/div>\n\t\t\t\t\t\t\t\t<\/div>\n\t\t\t\t<\/div>\n\t\t\t\t<\/div>\n\t\t<div class=\"elementor-element elementor-element-c1afbfd e-con-full e-flex e-con e-child\" data-id=\"c1afbfd\" data-element_type=\"container\" data-e-type=\"container\">\n\t\t\t\t<div class=\"elementor-element elementor-element-cd97527 elementor-position-top elementor-widget elementor-widget-image-box\" data-id=\"cd97527\" data-element_type=\"widget\" data-e-type=\"widget\" data-widget_type=\"image-box.default\">\n\t\t\t\t<div class=\"elementor-widget-container\">\n\t\t\t\t\t<div class=\"elementor-image-box-wrapper\"><figure class=\"elementor-image-box-img\"><img decoding=\"async\" width=\"282\" height=\"267\" src=\"https:\/\/cetisa.ind.br\/wordpress\/wp-content\/uploads\/2025\/01\/TIJOLO.png\" class=\"elementor-animation-grow attachment-full size-full wp-image-29\" alt=\"\" \/><\/figure><div class=\"elementor-image-box-content\"><h3 class=\"elementor-image-box-title\"><h3 data-elementor-setting-key=\"title_text\" data-elementor-inline-editing-toolbar=\"none\" data-pen-placeholder=\"Digite aqui...\" style=\"font-weight: 600;line-height: 1px;font-size: 36px;font-family: Helvetica, sans-serif\">Tijolos \u00e0 vista<span style=\"color: var( --e-global-color-primary );font-family: var( --e-global-typography-primary-font-family ), Sans-serif;font-size: var(--wp--preset--font-size--large);font-weight: var( --e-global-typography-primary-font-weight );letter-spacing: -0.1px\"><\/span><\/h3><\/h3><p class=\"elementor-image-box-description\"><span style=\"font-family: Helvetica, sans-serif;font-size: 20.7636px;letter-spacing: -0.1px\">Os tijolos s\u00e3o fabricados de argila virgem <\/span><span style=\"font-family: Helvetica, sans-serif;font-size: 20.7636px;letter-spacing: -0.1px\">e passam por um processo de moagem, <\/span><span style=\"font-family: Helvetica, sans-serif;font-size: 20.7636px;letter-spacing: -0.1px\">secagem e queima.<\/span><\/p><\/div><\/div>\t\t\t\t<\/div>\n\t\t\t\t<\/div>\n\t\t\t\t<div class=\"elementor-element elementor-element-bfe9d78 elementor-align-center elementor-widget elementor-widget-button\" data-id=\"bfe9d78\" data-element_type=\"widget\" data-e-type=\"widget\" data-widget_type=\"button.default\">\n\t\t\t\t<div class=\"elementor-widget-container\">\n\t\t\t\t\t\t\t\t\t<div class=\"elementor-button-wrapper\">\n\t\t\t\t\t<a class=\"elementor-button elementor-button-link elementor-size-sm elementor-animation-grow\" href=\"https:\/\/cetisa.ind.br\/wordpress\/index.php\/tijolos\/\">\n\t\t\t\t\t\t<span class=\"elementor-button-content-wrapper\">\n\t\t\t\t\t\t\t\t\t<span class=\"elementor-button-text\">Saiba mais<\/span>\n\t\t\t\t\t<\/span>\n\t\t\t\t\t<\/a>\n\t\t\t\t<\/div>\n\t\t\t\t\t\t\t\t<\/div>\n\t\t\t\t<\/div>\n\t\t\t\t<\/div>\n\t\t\t\t<\/div>\n\t\t\t\t\t<\/div>\n\t\t\t\t<\/div>\n\t\t<div class=\"elementor-element elementor-element-bb20d1a e-flex e-con-boxed e-con e-parent\" data-id=\"bb20d1a\" data-element_type=\"container\" data-e-type=\"container\" data-settings=\"{&quot;background_background&quot;:&quot;classic&quot;}\">\n\t\t\t\t\t<div class=\"e-con-inner\">\n\t\t\t\t<div class=\"elementor-element elementor-element-243163e elementor-widget elementor-widget-heading\" data-id=\"243163e\" data-element_type=\"widget\" data-e-type=\"widget\" data-widget_type=\"heading.default\">\n\t\t\t\t<div class=\"elementor-widget-container\">\n\t\t\t\t\t<h2 class=\"elementor-heading-title elementor-size-default\">H\u00e1 25 anos realizando sonhos<\/h2>\t\t\t\t<\/div>\n\t\t\t\t<\/div>\n\t\t\t\t\t<\/div>\n\t\t\t\t<\/div>\n\t\t<div class=\"elementor-element elementor-element-d60696f elementor-hidden-desktop e-flex e-con-boxed e-con e-parent\" data-id=\"d60696f\" data-element_type=\"container\" data-e-type=\"container\" data-settings=\"{&quot;background_background&quot;:&quot;classic&quot;}\">\n\t\t\t\t\t<div class=\"e-con-inner\">\n\t\t<div class=\"elementor-element elementor-element-7a7eb10 e-con-full e-flex e-con e-child\" data-id=\"7a7eb10\" data-element_type=\"container\" data-e-type=\"container\">\n\t\t<div class=\"elementor-element elementor-element-e540bc7 e-con-full e-flex e-con e-child\" data-id=\"e540bc7\" data-element_type=\"container\" data-e-type=\"container\">\n\t\t\t\t<div class=\"elementor-element elementor-element-6603cbb elementor-widget elementor-widget-heading\" data-id=\"6603cbb\" data-element_type=\"widget\" data-e-type=\"widget\" data-widget_type=\"heading.default\">\n\t\t\t\t<div class=\"elementor-widget-container\">\n\t\t\t\t\t<h2 class=\"elementor-heading-title elementor-size-default\">Sobre n\u00f3s<\/h2>\t\t\t\t<\/div>\n\t\t\t\t<\/div>\n\t\t\t\t<div class=\"elementor-element elementor-element-98bf9c4 elementor-widget elementor-widget-text-editor\" data-id=\"98bf9c4\" data-element_type=\"widget\" data-e-type=\"widget\" data-widget_type=\"text-editor.default\">\n\t\t\t\t<div class=\"elementor-widget-container\">\n\t\t\t\t\t\t\t\t\tCom experi\u00eancia de mais de 25 anos de mercado e procurando atender com pontualidade de honestidade, a\nCetisa produz tijolos e revestimentos que s\u00e3o utilizados na\nconstru\u00e7\u00e3o civil, obtendo o melhor custo-benef\u00edcio em\nqualquer projeto de alvenaria. S\u00e3o excelentes na fun\u00e7\u00e3o de\nisolante t\u00e9rmico. Fabricados de acordo com as\nnormas \nt\u00e9cnicas (ABNT). Tamb\u00e9m somos excel\u00eancia na fabrica\u00e7\u00e3o\nde churrasqueiras pr\u00e9-fabricadas, mantendo alto padr\u00e3o de\nqualidade e durabilidade em todos os kits fabricados.\t\t\t\t\t\t\t\t<\/div>\n\t\t\t\t<\/div>\n\t\t\t\t<\/div>\n\t\t\t\t<\/div>\n\t\t\t\t\t<\/div>\n\t\t\t\t<\/div>\n\t\t<div class=\"elementor-element elementor-element-ab1e369 elementor-hidden-tablet elementor-hidden-mobile e-flex e-con-boxed e-con e-parent\" data-id=\"ab1e369\" data-element_type=\"container\" data-e-type=\"container\" data-settings=\"{&quot;background_background&quot;:&quot;classic&quot;}\">\n\t\t\t\t\t<div class=\"e-con-inner\">\n\t\t<div class=\"elementor-element elementor-element-5388341 e-con-full e-flex e-con e-child\" data-id=\"5388341\" data-element_type=\"container\" data-e-type=\"container\">\n\t\t<div class=\"elementor-element elementor-element-fcbfb40 e-con-full e-flex e-con e-child\" data-id=\"fcbfb40\" data-element_type=\"container\" data-e-type=\"container\">\n\t\t\t\t<div class=\"elementor-element elementor-element-4b182fc elementor-widget elementor-widget-heading\" data-id=\"4b182fc\" data-element_type=\"widget\" data-e-type=\"widget\" data-widget_type=\"heading.default\">\n\t\t\t\t<div class=\"elementor-widget-container\">\n\t\t\t\t\t<h2 class=\"elementor-heading-title elementor-size-default\">Sobre n\u00f3s<\/h2>\t\t\t\t<\/div>\n\t\t\t\t<\/div>\n\t\t\t\t<div class=\"elementor-element elementor-element-3b1a371 elementor-widget elementor-widget-text-editor\" data-id=\"3b1a371\" data-element_type=\"widget\" data-e-type=\"widget\" data-widget_type=\"text-editor.default\">\n\t\t\t\t<div class=\"elementor-widget-container\">\n\t\t\t\t\t\t\t\t\tCom experi\u00eancia de mais de 25 anos de mercado e procurando atender com pontualidade de honestidade, a\nCetisa produz tijolos e revestimentos que s\u00e3o utilizados na\nconstru\u00e7\u00e3o civil, obtendo o melhor custo-benef\u00edcio em\nqualquer projeto de alvenaria. S\u00e3o excelentes na fun\u00e7\u00e3o de\nisolante t\u00e9rmico. Fabricados de acordo com as\nnormas \nt\u00e9cnicas (ABNT). Tamb\u00e9m somos excel\u00eancia na fabrica\u00e7\u00e3o\nde churrasqueiras pr\u00e9-fabricadas, mantendo alto padr\u00e3o de\nqualidade e durabilidade em todos os kits fabricados.\t\t\t\t\t\t\t\t<\/div>\n\t\t\t\t<\/div>\n\t\t\t\t<\/div>\n\t\t<div class=\"elementor-element elementor-element-00041ee e-con-full e-flex e-con e-child\" data-id=\"00041ee\" data-element_type=\"container\" data-e-type=\"container\">\n\t\t\t\t<\/div>\n\t\t\t\t<\/div>\n\t\t\t\t\t<\/div>\n\t\t\t\t<\/div>\n\t\t<div class=\"elementor-element elementor-element-2dcd49d e-flex e-con-boxed e-con e-parent\" data-id=\"2dcd49d\" data-element_type=\"container\" data-e-type=\"container\" data-settings=\"{&quot;background_background&quot;:&quot;classic&quot;}\">\n\t\t\t\t\t<div class=\"e-con-inner\">\n\t\t<div class=\"elementor-element elementor-element-94f6223 e-con-full e-flex e-con e-child\" data-id=\"94f6223\" data-element_type=\"container\" data-e-type=\"container\">\n\t\t<div class=\"elementor-element elementor-element-64dd013 e-con-full e-flex e-con e-child\" data-id=\"64dd013\" data-element_type=\"container\" data-e-type=\"container\">\n\t\t\t\t<div class=\"elementor-element elementor-element-e113855 elementor-widget elementor-widget-image\" data-id=\"e113855\" data-element_type=\"widget\" data-e-type=\"widget\" data-widget_type=\"image.default\">\n\t\t\t\t<div class=\"elementor-widget-container\">\n\t\t\t\t\t\t\t\t\t\t\t\t\t\t\t<img loading=\"lazy\" decoding=\"async\" width=\"567\" height=\"199\" src=\"https:\/\/cetisa.ind.br\/wordpress\/wp-content\/uploads\/2025\/01\/LOGO-SO-FONTRE.png\" class=\"attachment-large size-large wp-image-31\" alt=\"\" srcset=\"https:\/\/cetisa.ind.br\/wordpress\/wp-content\/uploads\/2025\/01\/LOGO-SO-FONTRE.png 567w, https:\/\/cetisa.ind.br\/wordpress\/wp-content\/uploads\/2025\/01\/LOGO-SO-FONTRE-300x105.png 300w\" sizes=\"(max-width: 567px) 100vw, 567px\" \/>\t\t\t\t\t\t\t\t\t\t\t\t\t\t\t<\/div>\n\t\t\t\t<\/div>\n\t\t\t\t<div class=\"elementor-element elementor-element-d191c3e elementor-widget elementor-widget-heading\" data-id=\"d191c3e\" data-element_type=\"widget\" data-e-type=\"widget\" data-widget_type=\"heading.default\">\n\t\t\t\t<div class=\"elementor-widget-container\">\n\t\t\t\t\t<h2 class=\"elementor-heading-title elementor-size-default\">Localiza\u00e7\u00e3o<\/h2>\t\t\t\t<\/div>\n\t\t\t\t<\/div>\n\t\t\t\t<div class=\"elementor-element elementor-element-c77565e elementor-icon-list--layout-inline elementor-mobile-align-center elementor-list-item-link-full_width elementor-widget elementor-widget-icon-list\" data-id=\"c77565e\" data-element_type=\"widget\" data-e-type=\"widget\" data-widget_type=\"icon-list.default\">\n\t\t\t\t<div class=\"elementor-widget-container\">\n\t\t\t\t\t\t\t<ul class=\"elementor-icon-list-items elementor-inline-items\">\n\t\t\t\t\t\t\t<li class=\"elementor-icon-list-item elementor-inline-item\">\n\t\t\t\t\t\t\t\t\t\t\t<span class=\"elementor-icon-list-icon\">\n\t\t\t\t\t\t\t<svg aria-hidden=\"true\" class=\"e-font-icon-svg e-fas-map-pin\" viewBox=\"0 0 288 512\" xmlns=\"http:\/\/www.w3.org\/2000\/svg\"><path d=\"M112 316.94v156.69l22.02 33.02c4.75 7.12 15.22 7.12 19.97 0L176 473.63V316.94c-10.39 1.92-21.06 3.06-32 3.06s-21.61-1.14-32-3.06zM144 0C64.47 0 0 64.47 0 144s64.47 144 144 144 144-64.47 144-144S223.53 0 144 0zm0 76c-37.5 0-68 30.5-68 68 0 6.62-5.38 12-12 12s-12-5.38-12-12c0-50.73 41.28-92 92-92 6.62 0 12 5.38 12 12s-5.38 12-12 12z\"><\/path><\/svg>\t\t\t\t\t\t<\/span>\n\t\t\t\t\t\t\t\t\t\t<span class=\"elementor-icon-list-text\">BR 101, Km 364, Morro Grande - Sang\u00e3o\/SC<\/span>\n\t\t\t\t\t\t\t\t\t<\/li>\n\t\t\t\t\t\t<\/ul>\n\t\t\t\t\t\t<\/div>\n\t\t\t\t<\/div>\n\t\t\t\t<\/div>\n\t\t<div class=\"elementor-element elementor-element-a32e55a e-con-full e-flex e-con e-child\" data-id=\"a32e55a\" data-element_type=\"container\" data-e-type=\"container\">\n\t\t\t\t<div class=\"elementor-element elementor-element-769e3d1 elementor-widget elementor-widget-google_maps\" data-id=\"769e3d1\" data-element_type=\"widget\" data-e-type=\"widget\" data-widget_type=\"google_maps.default\">\n\t\t\t\t<div class=\"elementor-widget-container\">\n\t\t\t\t\t\t\t<div class=\"elementor-custom-embed\">\n\t\t\t<iframe loading=\"lazy\"\n\t\t\t\t\tsrc=\"https:\/\/maps.google.com\/maps?q=BR-101%2C%20km%20363%20-%20Santa%20Catarina%2C%20Sang%C3%A3o%20-%20SC%2C%2088717-000&#038;t=m&#038;z=13&#038;output=embed&#038;iwloc=near\"\n\t\t\t\t\ttitle=\"BR-101, km 363 - Santa Catarina, Sang\u00e3o - SC, 88717-000\"\n\t\t\t\t\taria-label=\"BR-101, km 363 - Santa Catarina, Sang\u00e3o - SC, 88717-000\"\n\t\t\t><\/iframe>\n\t\t<\/div>\n\t\t\t\t\t\t<\/div>\n\t\t\t\t<\/div>\n\t\t\t\t<\/div>\n\t\t\t\t<\/div>\n\t\t\t\t\t<\/div>\n\t\t\t\t<\/div>\n\t\t\t\t<\/div>\n\t\t","protected":false},"excerpt":{"rendered":"<p>SOMOS REFER\u00caNCIA EM TIJOLOS\u00c0 VISTA H\u00c1 25 ANOS E PRODUZIMOSCHURRASQUEIRAS PR\u00c9-FABRICADASCOM ACABAMENTO DE QUALIDADE Produtos de fabrica\u00e7\u00e3o pr\u00f3pria com excel\u00eancia em fun\u00e7\u00e3o isolante t\u00e9rmico e entrega para todo o Brasil! Fale Conosco SOMOS REFER\u00caNCIA EM TIJOLOS\u00c0 VISTA H\u00c1 25 ANOS E PRODUZIMOSCHURRASQUEIRAS PR\u00c9-FABRICADASCOM ACABAMENTO DE QUALIDADE Produtos de fabrica\u00e7\u00e3o pr\u00f3pria com excel\u00eancia em fun\u00e7\u00e3o isolante [&hellip;]<\/p>\n","protected":false},"author":1,"featured_media":0,"parent":0,"menu_order":0,"comment_status":"closed","ping_status":"closed","template":"","meta":{"_joinchat":[],"footnotes":""},"class_list":["post-7","page","type-page","status-publish","hentry"],"_links":{"self":[{"href":"https:\/\/cetisa.ind.br\/wordpress\/index.php\/wp-json\/wp\/v2\/pages\/7","targetHints":{"allow":["GET"]}}],"collection":[{"href":"https:\/\/cetisa.ind.br\/wordpress\/index.php\/wp-json\/wp\/v2\/pages"}],"about":[{"href":"https:\/\/cetisa.ind.br\/wordpress\/index.php\/wp-json\/wp\/v2\/types\/page"}],"author":[{"embeddable":true,"href":"https:\/\/cetisa.ind.br\/wordpress\/index.php\/wp-json\/wp\/v2\/users\/1"}],"replies":[{"embeddable":true,"href":"https:\/\/cetisa.ind.br\/wordpress\/index.php\/wp-json\/wp\/v2\/comments?post=7"}],"version-history":[{"count":35,"href":"https:\/\/cetisa.ind.br\/wordpress\/index.php\/wp-json\/wp\/v2\/pages\/7\/revisions"}],"predecessor-version":[{"id":116,"href":"https:\/\/cetisa.ind.br\/wordpress\/index.php\/wp-json\/wp\/v2\/pages\/7\/revisions\/116"}],"wp:attachment":[{"href":"https:\/\/cetisa.ind.br\/wordpress\/index.php\/wp-json\/wp\/v2\/media?parent=7"}],"curies":[{"name":"wp","href":"https:\/\/api.w.org\/{rel}","templated":true}]}}